{"id":5044,"date":"2022-06-01T13:35:29","date_gmt":"2022-06-01T13:35:29","guid":{"rendered":"https:\/\/www.mobilitylmax.be\/wedstrijdreglement\/"},"modified":"2022-06-01T13:37:02","modified_gmt":"2022-06-01T13:37:02","slug":"wedstrijdreglement","status":"publish","type":"page","link":"https:\/\/www.mobilitylmax.be\/nl\/wedstrijdreglement\/","title":{"rendered":"Wedstrijdreglement"},"content":{"rendered":"\t\t<div data-elementor-type=\"wp-page\" data-elementor-id=\"5044\" class=\"elementor elementor-5044 elementor-5025\">\n\t\t\t\t\t\t<section class=\"elementor-section elementor-top-section elementor-element elementor-element-39be9c3e elementor-section-height-min-height elementor-section-full_width elementor-section-height-default elementor-section-items-middle\" data-id=\"39be9c3e\" data-element_type=\"section\" data-e-type=\"section\" data-settings=\"{&quot;background_background&quot;:&quot;classic&quot;}\">\n\t\t\t\t\t\t<div class=\"elementor-container elementor-column-gap-default\">\n\t\t\t\t\t<div class=\"elementor-column elementor-col-50 elementor-top-column elementor-element elementor-element-72d5f84e\" data-id=\"72d5f84e\" data-element_type=\"column\" data-e-type=\"column\">\n\t\t\t<div class=\"elementor-widget-wrap\">\n\t\t\t\t\t\t\t<\/div>\n\t\t<\/div>\n\t\t\t\t<div class=\"elementor-column elementor-col-50 elementor-top-column elementor-element elementor-element-5720a10c\" data-id=\"5720a10c\" data-element_type=\"column\" data-e-type=\"column\">\n\t\t\t<div class=\"elementor-widget-wrap\">\n\t\t\t\t\t\t\t<\/div>\n\t\t<\/div>\n\t\t\t\t\t<\/div>\n\t\t<\/section>\n\t\t\t\t<section class=\"elementor-section elementor-top-section elementor-element elementor-element-17b854f elementor-section-boxed elementor-section-height-default elementor-section-height-default\" data-id=\"17b854f\" data-element_type=\"section\" data-e-type=\"section\" data-settings=\"{&quot;background_background&quot;:&quot;classic&quot;}\">\n\t\t\t\t\t\t<div class=\"elementor-container elementor-column-gap-default\">\n\t\t\t\t\t<div class=\"elementor-column elementor-col-100 elementor-top-column elementor-element elementor-element-edad80a\" data-id=\"edad80a\" data-element_type=\"column\" data-e-type=\"column\">\n\t\t\t<div class=\"elementor-widget-wrap\">\n\t\t\t\t\t\t\t<\/div>\n\t\t<\/div>\n\t\t\t\t\t<\/div>\n\t\t<\/section>\n\t\t\t\t<section class=\"elementor-section elementor-top-section elementor-element elementor-element-a5e7cdc elementor-section-boxed elementor-section-height-default elementor-section-height-default\" data-id=\"a5e7cdc\" data-element_type=\"section\" data-e-type=\"section\" data-settings=\"{&quot;background_background&quot;:&quot;classic&quot;}\">\n\t\t\t\t\t\t<div class=\"elementor-container elementor-column-gap-default\">\n\t\t\t\t\t<div class=\"elementor-column elementor-col-100 elementor-top-column elementor-element elementor-element-466c90e\" data-id=\"466c90e\" data-element_type=\"column\" data-e-type=\"column\">\n\t\t\t<div class=\"elementor-widget-wrap elementor-element-populated\">\n\t\t\t\t\t\t<div class=\"elementor-element elementor-element-7acbc93 elementor-widget elementor-widget-heading\" data-id=\"7acbc93\" data-element_type=\"widget\" data-e-type=\"widget\" data-widget_type=\"heading.default\">\n\t\t\t\t<div class=\"elementor-widget-container\">\n\t\t\t\t\t<h2 class=\"elementor-heading-title elementor-size-default\">Wedstrijdreglement<\/h2>\t\t\t\t<\/div>\n\t\t\t\t<\/div>\n\t\t\t\t\t<\/div>\n\t\t<\/div>\n\t\t\t\t\t<\/div>\n\t\t<\/section>\n\t\t\t\t<section class=\"elementor-section elementor-top-section elementor-element elementor-element-0a5caab elementor-section-boxed elementor-section-height-default elementor-section-height-default\" data-id=\"0a5caab\" data-element_type=\"section\" data-e-type=\"section\" data-settings=\"{&quot;background_background&quot;:&quot;classic&quot;}\">\n\t\t\t\t\t\t<div class=\"elementor-container elementor-column-gap-default\">\n\t\t\t\t\t<div class=\"elementor-column elementor-col-100 elementor-top-column elementor-element elementor-element-db0ae0f\" data-id=\"db0ae0f\" data-element_type=\"column\" data-e-type=\"column\" data-settings=\"{&quot;background_background&quot;:&quot;classic&quot;}\">\n\t\t\t<div class=\"elementor-widget-wrap elementor-element-populated\">\n\t\t\t\t\t\t<div class=\"elementor-element elementor-element-efa22e7 elementor-widget elementor-widget-text-editor\" data-id=\"efa22e7\" data-element_type=\"widget\" data-e-type=\"widget\" data-widget_type=\"text-editor.default\">\n\t\t\t\t<div class=\"elementor-widget-container\">\n\t\t\t\t\t\t\t\t\t<h2><u>Article<b> 1 : Organisator van de wedstrijd<\/b><\/u><\/h2>\n<p>De wedstrijd (hierna: &#8216;Win een doos Mobilityl Max 180 tabletten + goodies&#8217;) wordt georganiseerd door de firma Trenker (hierna de &#8216;Organisator&#8217;), met maatschappelijke zetel te Avenue Thomas Edison 32 \u2013 1402 Thines (Nijvel) &#8211; Belgi\u00eb; KBO-nummer BE0423.960.076<\/p>\n<h2><span style=\"text-decoration: underline;\"><strong>Article 2 : Deelname aan de wedstrijd<\/strong><\/span><\/h2>\n<p>2.1.<\/p>\n<p>De deelname aan de wedstrijd is gratis.<\/p>\n<p>2.2.<\/p>\n<p>De wedstrijd is uitsluitend voorbehouden aan:<\/p>\n<ul>\n<li>elke natuurlijke persoon die ouder is dan 18 jaar en in Belgi\u00eb gedomicilieerd is, en die voldoet aan de deelnamevoorwaarden zoals uiteengezet in artikel 4 van dit reglement;<\/li>\n<li>elke rechtspersoon met maatschappelijke zetel in Belgi\u00eb die voldoet aan de deelnamevoorwaarden zoals uiteengezet in artikel 4 van dit reglement.<\/li>\n<\/ul>\n<p>2.3.<\/p>\n<p>Deelname aan de wedstrijd is verboden:<\/p>\n<ul>\n<li>voor de personeelsleden van de Organisator;<\/li>\n<li>voor personen (natuurlijke of rechtspersonen) die een directe of indirecte juridische band hebben met de Organisator of met een andere aan de Organisator verbonden onderneming;<\/li>\n<li>voor personen die een rechtstreekse &#8216;familiale&#8217; band hebben met bovengenoemde personen (ouders, kinderen, grootouders, enz.).<\/li>\n<\/ul>\n<p>2.4.<\/p>\n<p>Per natuurlijke of rechtspersoon is slechts \u00e9\u00e9n deelname toegestaan. Iedere deelnemer die, op welke wijze dan ook (e-mails, identiteiten, etc.), meer dan \u00e9\u00e9n keer probeert deel te nemen aan de wedstrijd zal worden gediskwalificeerd.<\/p>\n<h2><span style=\"text-decoration: underline;\"><strong>Article 3 : Duur van de wedstrijd<\/strong><\/span><\/h2>\n<div><span style=\"text-decoration: underline;\"><strong><br><\/strong><\/span><\/div>\n<p>De wedstrijd loopt van 15 juni 2022 tot en met 30 juni 2022.<\/p>\n<p>Aan de wedstrijd dient dus uiterlijk op 30 juni 2022 om 23.59 te zijn deelgenomen.<\/p>\n<h2><span style=\"text-decoration: underline;\"><strong>Article 4 : Voorwaarden voor deelname aan de wedstrijd<\/strong><\/span><\/h2>\n<p>Om aan de wedstrijd te kunnen deelnemen, moet aan de volgende voorwaarden worden voldaan:<\/p>\n<ul>\n<li>U moet zich abonneren op de Mobilityl Max Facebook-pagina (<a href=\"http:\/\/www.facebook.com\/Mobilityl\">facebook.com\/Mobilityl<\/a>);<\/li>\n<li>U moet de Facebook-publicatie XXX liken;<\/li>\n<li>U moet 3 vrienden vermelden in de comments.<\/li>\n<\/ul>\n<h2><span style=\"text-decoration: underline;\"><strong>Article 5 : Bepaling van de winnaar(s) van de wedstrijd<\/strong><\/span><\/h2>\n<p>5.1<\/p>\n<p>Er zijn 10 winnaars. De winnaar(s)<\/p>\n<ul>\n<li>moet(en) voldaan hebben aan alle deelnamevoorwaarden zoals uiteengezet in artikel 4 van dit reglement.<\/li>\n<\/ul>\n<p>5.2<\/p>\n<p>De winnaar(s) wordt (worden) bepaald onder toezicht van: Sarah Defosset en Justine Bounif.<\/p>\n<p>5.3<\/p>\n<p>De winnaar(s) wordt (worden) bepaald op 1 juli 2022.<\/p>\n<p>De winnaars worden persoonlijk op de hoogte gebracht via een priv\u00e9bericht op Facebook, in overeenstemming met de contactgegevens die ze hebben verstrekt bij het inschrijven.<\/p>\n<p>De winnaars zullen uiterlijk op 1 juli 2022 worden ge\u00efnformeerd.<\/p>\n<p>De 10 winnaars moeten hun prijs v\u00f3\u00f3r 7 juli 2022 via een priv\u00e9bericht op Facebook opvragen. Na deze termijn verliezen de winnaars het recht op hun prijs. De prijs zal opnieuw worden toegekend aan de deelnemer die, op basis van de volgorde van winnaars voorzien in artikel 5.1, na de winnaar komt die zijn recht op de prijs heeft verloren.<\/p>\n<p>Om aan zijn wettelijke verplichtingen te voldoen, moet de Organisator de naam, voornaam en het adres van de winnaars ontvangen voordat een prijs kan worden toegekend. Indien dat niet het geval is, kan de prijs niet worden toegekend en behoudt de organisator zich het recht voor een andere winnaar aan te wijzen.<\/p>\n<p>De Organisator verbindt zich ertoe de prijzen uiterlijk op 30 juli 2022 aan de winnaars te overhandigen.<\/p>\n<p>5.4.<\/p>\n<p>Er zal geen correspondentie of communicatie plaatsvinden om de verliezers te informeren dat zij de wedstrijd niet hebben gewonnen.<\/p>\n<h2><span style=\"text-decoration: underline;\"><strong>Article 6 : Wedstrijdprijzen<\/strong><\/span><\/h2>\n<p>6.1<\/p>\n<p>In het kader van de wedstrijd worden de volgende prijzen toegekend:<\/p>\n<ul>\n<li>Een doos Mobilityl Max voedingssupplement, 180 tabletten<\/li>\n<li>Een sleutelhanger met lampje met het Mobilityl Max logo<\/li>\n<li>Een mok met het Mobilityl Max logo<\/li>\n<li>Een polo met het Mobilityl Max logo<\/li>\n<li>Een waterfles met het Mobilityl Max logo<\/li>\n<\/ul>\n<p>De hierboven vermelde prijzen worden toegekend in de volgorde van de winnaars zoals bepaald in artikel 5 van dit reglement.<\/p>\n<p>6.2<\/p>\n<p>Elke deelnemer kan slechts \u00e9\u00e9n prijs winnen. Beperkt tot \u00e9\u00e9n winnaar per gezin.<\/p>\n<h2><span style=\"text-decoration: underline;\"><strong>Article 7 : Aansprakelijkheid<\/strong><\/span><\/h2>\n<p>De Organisator kan niet aansprakelijk worden gesteld indien, in geval van overmacht of enige andere uitzonderlijke gebeurtenis waarover hij geen controle heeft, de wedstrijd of de bepalingen en voorwaarden van de wedstrijd geheel of gedeeltelijk worden stopgezet, uitgesteld of gewijzigd.<\/p>\n<h2><span style=\"text-decoration: underline;\"><strong>Article 8 : Informatie<\/strong><\/span><\/h2>\n<p>8.1<\/p>\n<p>Dit reglement kan worden aangevraagd bij <a href=\"mailto:justine.bounif@trenker.be\">justine.bounif@trenker.be<\/a>.<\/p>\n<p>8.2<\/p>\n<p>Vragen over de wedstrijd &#8216;Win een doos Mobilityl Max 180 tabletten + goodies&#8217; kunnen naar de Organisator worden gestuurd via een priv\u00e9bericht op de Facebook-pagina van Mobilityl <a href=\"http:\/\/www.facebook.com\/Mobilityl\">www.facebook.com\/Mobilityl<\/a>.<\/p>\n<p>De Organisator is vrij om te beslissen of hij al dan niet op het verzoek om informatie ingaat. Indien de Organisator niet reageert op een verzoek om informatie kunnen daar geen rechten aan worden ontleend en kan hij hiervoor niet aansprakelijk worden gesteld.<\/p>\n<h2><span style=\"text-decoration: underline;\"><strong>Article 9 : Beheer van persoonsgegevens<\/strong><\/span><\/h2>\n<p>De verwerking van persoonsgegevens die noodzakelijk zijn voor het verloop van de wedstrijd wordt uitgevoerd door de Organisator, in overeenstemming met de AVG en de Belgische wetgeving ter zake.<\/p>\n<p>De Organisator gebruikt de in het kader van de wedstrijd verzamelde persoonsgegevens (e-mail, naam, voornaam, telefoonnummer, postadres) uitsluitend voor het goede verloop van de wedstrijd (contact met de winnaars, toekenning van de prijzen). De gegevens over de kandidaten worden uitsluitend verzameld met het oog op het houden van de wedstrijd. Alleen de manager en het personeel dat onder zijn\/haar gezag staat, hebben toegang tot deze informatie. De gegevens van de deelnemers (met uitzondering van de winnaars) worden binnen een maand na de prijsuitreiking aan de winnaar vernietigd. Voor de winnaars zal de Organisator de persoonsgegevens uiterlijk 7 jaar na de toekenning van de prijs verwijderen, om te voldoen aan zijn wettelijke verplichtingen.<\/p>\n<p>Door deel te nemen aan de wedstrijd stemt de deelnemer uitdrukkelijk in met de verwerking van zijn persoonsgegevens voor de in dit artikel beschreven doeleinden.<\/p>\n<h2><span style=\"text-decoration: underline;\"><strong>&nbsp;Article 10 : <\/strong>Aanvaarding van het wedstrijdreglement<\/span><\/h2>\n<p>Deelname aan de wedstrijd impliceert de volledige aanvaarding van dit reglement.<\/p>\n<h2><span style=\"text-decoration: underline;\"><strong>Article 11 : Toepasselijk recht en bevoegde rechtbanken<\/strong><\/span><\/h2>\n<p>De wedstrijd is onderworpen aan het Belgisch recht en elk geschil in verband met de wedstrijd zal uitsluitend worden voorgelegd aan de rechtbanken van het arrondissement Nijvel, die als enige bevoegd zijn om er kennis van te nemen.<\/p>\n<p>De voertaal zal Frans en Nederlands zijn.<\/p>\n<h2><span style=\"text-decoration: underline;\"><strong>Article 12 : Varia<\/strong><\/span><\/h2>\n<p>De ongeldigheid van een van de artikelen van dit reglement doet geen afbreuk aan de geldigheid van de andere artikelen van het reglement, die onverminderd van kracht blijven.<\/p>\t\t\t\t\t\t\t\t<\/div>\n\t\t\t\t<\/div>\n\t\t\t\t\t<\/div>\n\t\t<\/div>\n\t\t\t\t\t<\/div>\n\t\t<\/section>\n\t\t\t\t<section class=\"elementor-section elementor-top-section elementor-element elementor-element-39e4b1b elementor-section-boxed elementor-section-height-default elementor-section-height-default\" data-id=\"39e4b1b\" data-element_type=\"section\" data-e-type=\"section\">\n\t\t\t\t\t\t<div class=\"elementor-container elementor-column-gap-default\">\n\t\t\t\t\t<div class=\"elementor-column elementor-col-100 elementor-top-column elementor-element elementor-element-5ef0366\" data-id=\"5ef0366\" data-element_type=\"column\" data-e-type=\"column\">\n\t\t\t<div class=\"elementor-widget-wrap elementor-element-populated\">\n\t\t\t\t\t\t<div class=\"elementor-element elementor-element-ac47339 elementor-widget elementor-widget-spacer\" data-id=\"ac47339\" data-element_type=\"widget\" data-e-type=\"widget\" data-widget_type=\"spacer.default\">\n\t\t\t\t<div class=\"elementor-widget-container\">\n\t\t\t\t\t\t\t<div class=\"elementor-spacer\">\n\t\t\t<div class=\"elementor-spacer-inner\"><\/div>\n\t\t<\/div>\n\t\t\t\t\t\t<\/div>\n\t\t\t\t<\/div>\n\t\t\t\t\t<\/div>\n\t\t<\/div>\n\t\t\t\t\t<\/div>\n\t\t<\/section>\n\t\t\t\t<\/div>\n\t\t","protected":false},"excerpt":{"rendered":"<p>Wedstrijdreglement Article 1 : Organisator van de wedstrijd De wedstrijd (hierna: &#8216;Win een doos Mobilityl Max 180 tabletten + goodies&#8217;) wordt georganiseerd door de firma Trenker (hierna de &#8216;Organisator&#8217;), met maatschappelijke zetel te Avenue Thomas Edison 32 \u2013 1402 Thines (Nijvel) &#8211; Belgi\u00eb; KBO-nummer BE0423.960.076 Article 2 : Deelname aan de wedstrijd 2.1. De deelname [&hellip;]<\/p>\n","protected":false},"author":3,"featured_media":0,"parent":0,"menu_order":0,"comment_status":"closed","ping_status":"closed","template":"elementor_canvas","meta":{"inline_featured_image":false,"footnotes":""},"class_list":["post-5044","page","type-page","status-publish","hentry"],"yoast_head":"<!-- This site is optimized with the Yoast SEO plugin v27.5 - https:\/\/yoast.com\/product\/yoast-seo-wordpress\/ -->\n<title>Wedstrijdreglement - Mobilityl Max<\/title>\n<meta name=\"robots\" content=\"index, follow, max-snippet:-1, max-image-preview:large, max-video-preview:-1\" \/>\n<link rel=\"canonical\" href=\"https:\/\/www.mobilitylmax.be\/nl\/wedstrijdreglement\/\" \/>\n<meta property=\"og:locale\" content=\"nl_NL\" \/>\n<meta property=\"og:type\" content=\"article\" \/>\n<meta property=\"og:title\" content=\"Wedstrijdreglement - Mobilityl Max\" \/>\n<meta property=\"og:description\" content=\"Wedstrijdreglement Article 1 : Organisator van de wedstrijd De wedstrijd (hierna: &#8216;Win een doos Mobilityl Max 180 tabletten + goodies&#8217;) wordt georganiseerd door de firma Trenker (hierna de &#8216;Organisator&#8217;), met maatschappelijke zetel te Avenue Thomas Edison 32 \u2013 1402 Thines (Nijvel) &#8211; Belgi\u00eb; KBO-nummer BE0423.960.076 Article 2 : Deelname aan de wedstrijd 2.1. De deelname [&hellip;]\" \/>\n<meta property=\"og:url\" content=\"https:\/\/www.mobilitylmax.be\/nl\/wedstrijdreglement\/\" \/>\n<meta property=\"og:site_name\" content=\"Mobilityl Max\" \/>\n<meta property=\"article:modified_time\" content=\"2022-06-01T13:37:02+00:00\" \/>\n<meta property=\"og:image\" content=\"https:\/\/www.mobilitylmax.be\/wp-content\/uploads\/2020\/03\/mobilityllogo_1-1.svg\" \/>\n<meta name=\"twitter:card\" content=\"summary_large_image\" \/>\n<meta name=\"twitter:label1\" content=\"Geschatte leestijd\" \/>\n\t<meta name=\"twitter:data1\" content=\"6 minuten\" \/>\n<script type=\"application\/ld+json\" class=\"yoast-schema-graph\">{\"@context\":\"https:\\\/\\\/schema.org\",\"@graph\":[{\"@type\":\"WebPage\",\"@id\":\"https:\\\/\\\/www.mobilitylmax.be\\\/nl\\\/wedstrijdreglement\\\/\",\"url\":\"https:\\\/\\\/www.mobilitylmax.be\\\/nl\\\/wedstrijdreglement\\\/\",\"name\":\"Wedstrijdreglement - Mobilityl Max\",\"isPartOf\":{\"@id\":\"https:\\\/\\\/www.mobilitylmax.be\\\/nl\\\/#website\"},\"primaryImageOfPage\":{\"@id\":\"https:\\\/\\\/www.mobilitylmax.be\\\/nl\\\/wedstrijdreglement\\\/#primaryimage\"},\"image\":{\"@id\":\"https:\\\/\\\/www.mobilitylmax.be\\\/nl\\\/wedstrijdreglement\\\/#primaryimage\"},\"thumbnailUrl\":\"https:\\\/\\\/www.mobilitylmax.be\\\/wp-content\\\/uploads\\\/2020\\\/03\\\/mobilityllogo_1-1.svg\",\"datePublished\":\"2022-06-01T13:35:29+00:00\",\"dateModified\":\"2022-06-01T13:37:02+00:00\",\"breadcrumb\":{\"@id\":\"https:\\\/\\\/www.mobilitylmax.be\\\/nl\\\/wedstrijdreglement\\\/#breadcrumb\"},\"inLanguage\":\"nl-NL\",\"potentialAction\":[{\"@type\":\"ReadAction\",\"target\":[\"https:\\\/\\\/www.mobilitylmax.be\\\/nl\\\/wedstrijdreglement\\\/\"]}]},{\"@type\":\"ImageObject\",\"inLanguage\":\"nl-NL\",\"@id\":\"https:\\\/\\\/www.mobilitylmax.be\\\/nl\\\/wedstrijdreglement\\\/#primaryimage\",\"url\":\"https:\\\/\\\/www.mobilitylmax.be\\\/wp-content\\\/uploads\\\/2020\\\/03\\\/mobilityllogo_1-1.svg\",\"contentUrl\":\"https:\\\/\\\/www.mobilitylmax.be\\\/wp-content\\\/uploads\\\/2020\\\/03\\\/mobilityllogo_1-1.svg\"},{\"@type\":\"BreadcrumbList\",\"@id\":\"https:\\\/\\\/www.mobilitylmax.be\\\/nl\\\/wedstrijdreglement\\\/#breadcrumb\",\"itemListElement\":[{\"@type\":\"ListItem\",\"position\":1,\"name\":\"Accueil\",\"item\":\"https:\\\/\\\/www.mobilitylmax.be\\\/nl\\\/\"},{\"@type\":\"ListItem\",\"position\":2,\"name\":\"Wedstrijdreglement\"}]},{\"@type\":\"WebSite\",\"@id\":\"https:\\\/\\\/www.mobilitylmax.be\\\/nl\\\/#website\",\"url\":\"https:\\\/\\\/www.mobilitylmax.be\\\/nl\\\/\",\"name\":\"Mobilityl Max\",\"description\":\"Beweeg net zoals vroeger!\",\"publisher\":{\"@id\":\"https:\\\/\\\/www.mobilitylmax.be\\\/nl\\\/#organization\"},\"potentialAction\":[{\"@type\":\"SearchAction\",\"target\":{\"@type\":\"EntryPoint\",\"urlTemplate\":\"https:\\\/\\\/www.mobilitylmax.be\\\/nl\\\/?s={search_term_string}\"},\"query-input\":{\"@type\":\"PropertyValueSpecification\",\"valueRequired\":true,\"valueName\":\"search_term_string\"}}],\"inLanguage\":\"nl-NL\"},{\"@type\":\"Organization\",\"@id\":\"https:\\\/\\\/www.mobilitylmax.be\\\/nl\\\/#organization\",\"name\":\"Mobilityl Max\",\"url\":\"https:\\\/\\\/www.mobilitylmax.be\\\/nl\\\/\",\"logo\":{\"@type\":\"ImageObject\",\"inLanguage\":\"nl-NL\",\"@id\":\"https:\\\/\\\/www.mobilitylmax.be\\\/nl\\\/#\\\/schema\\\/logo\\\/image\\\/\",\"url\":\"https:\\\/\\\/www.mobilitylmax.be\\\/wp-content\\\/uploads\\\/2020\\\/03\\\/mobilityllogo_1-1.svg\",\"contentUrl\":\"https:\\\/\\\/www.mobilitylmax.be\\\/wp-content\\\/uploads\\\/2020\\\/03\\\/mobilityllogo_1-1.svg\",\"caption\":\"Mobilityl Max\"},\"image\":{\"@id\":\"https:\\\/\\\/www.mobilitylmax.be\\\/nl\\\/#\\\/schema\\\/logo\\\/image\\\/\"}}]}<\/script>\n<!-- \/ Yoast SEO plugin. -->","yoast_head_json":{"title":"Wedstrijdreglement - Mobilityl Max","robots":{"index":"index","follow":"follow","max-snippet":"max-snippet:-1","max-image-preview":"max-image-preview:large","max-video-preview":"max-video-preview:-1"},"canonical":"https:\/\/www.mobilitylmax.be\/nl\/wedstrijdreglement\/","og_locale":"nl_NL","og_type":"article","og_title":"Wedstrijdreglement - Mobilityl Max","og_description":"Wedstrijdreglement Article 1 : Organisator van de wedstrijd De wedstrijd (hierna: &#8216;Win een doos Mobilityl Max 180 tabletten + goodies&#8217;) wordt georganiseerd door de firma Trenker (hierna de &#8216;Organisator&#8217;), met maatschappelijke zetel te Avenue Thomas Edison 32 \u2013 1402 Thines (Nijvel) &#8211; Belgi\u00eb; KBO-nummer BE0423.960.076 Article 2 : Deelname aan de wedstrijd 2.1. De deelname [&hellip;]","og_url":"https:\/\/www.mobilitylmax.be\/nl\/wedstrijdreglement\/","og_site_name":"Mobilityl Max","article_modified_time":"2022-06-01T13:37:02+00:00","og_image":[{"url":"https:\/\/www.mobilitylmax.be\/wp-content\/uploads\/2020\/03\/mobilityllogo_1-1.svg","type":"","width":"","height":""}],"twitter_card":"summary_large_image","twitter_misc":{"Geschatte leestijd":"6 minuten"},"schema":{"@context":"https:\/\/schema.org","@graph":[{"@type":"WebPage","@id":"https:\/\/www.mobilitylmax.be\/nl\/wedstrijdreglement\/","url":"https:\/\/www.mobilitylmax.be\/nl\/wedstrijdreglement\/","name":"Wedstrijdreglement - Mobilityl Max","isPartOf":{"@id":"https:\/\/www.mobilitylmax.be\/nl\/#website"},"primaryImageOfPage":{"@id":"https:\/\/www.mobilitylmax.be\/nl\/wedstrijdreglement\/#primaryimage"},"image":{"@id":"https:\/\/www.mobilitylmax.be\/nl\/wedstrijdreglement\/#primaryimage"},"thumbnailUrl":"https:\/\/www.mobilitylmax.be\/wp-content\/uploads\/2020\/03\/mobilityllogo_1-1.svg","datePublished":"2022-06-01T13:35:29+00:00","dateModified":"2022-06-01T13:37:02+00:00","breadcrumb":{"@id":"https:\/\/www.mobilitylmax.be\/nl\/wedstrijdreglement\/#breadcrumb"},"inLanguage":"nl-NL","potentialAction":[{"@type":"ReadAction","target":["https:\/\/www.mobilitylmax.be\/nl\/wedstrijdreglement\/"]}]},{"@type":"ImageObject","inLanguage":"nl-NL","@id":"https:\/\/www.mobilitylmax.be\/nl\/wedstrijdreglement\/#primaryimage","url":"https:\/\/www.mobilitylmax.be\/wp-content\/uploads\/2020\/03\/mobilityllogo_1-1.svg","contentUrl":"https:\/\/www.mobilitylmax.be\/wp-content\/uploads\/2020\/03\/mobilityllogo_1-1.svg"},{"@type":"BreadcrumbList","@id":"https:\/\/www.mobilitylmax.be\/nl\/wedstrijdreglement\/#breadcrumb","itemListElement":[{"@type":"ListItem","position":1,"name":"Accueil","item":"https:\/\/www.mobilitylmax.be\/nl\/"},{"@type":"ListItem","position":2,"name":"Wedstrijdreglement"}]},{"@type":"WebSite","@id":"https:\/\/www.mobilitylmax.be\/nl\/#website","url":"https:\/\/www.mobilitylmax.be\/nl\/","name":"Mobilityl Max","description":"Beweeg net zoals vroeger!","publisher":{"@id":"https:\/\/www.mobilitylmax.be\/nl\/#organization"},"potentialAction":[{"@type":"SearchAction","target":{"@type":"EntryPoint","urlTemplate":"https:\/\/www.mobilitylmax.be\/nl\/?s={search_term_string}"},"query-input":{"@type":"PropertyValueSpecification","valueRequired":true,"valueName":"search_term_string"}}],"inLanguage":"nl-NL"},{"@type":"Organization","@id":"https:\/\/www.mobilitylmax.be\/nl\/#organization","name":"Mobilityl Max","url":"https:\/\/www.mobilitylmax.be\/nl\/","logo":{"@type":"ImageObject","inLanguage":"nl-NL","@id":"https:\/\/www.mobilitylmax.be\/nl\/#\/schema\/logo\/image\/","url":"https:\/\/www.mobilitylmax.be\/wp-content\/uploads\/2020\/03\/mobilityllogo_1-1.svg","contentUrl":"https:\/\/www.mobilitylmax.be\/wp-content\/uploads\/2020\/03\/mobilityllogo_1-1.svg","caption":"Mobilityl Max"},"image":{"@id":"https:\/\/www.mobilitylmax.be\/nl\/#\/schema\/logo\/image\/"}}]}},"_links":{"self":[{"href":"https:\/\/www.mobilitylmax.be\/nl\/wp-json\/wp\/v2\/pages\/5044","targetHints":{"allow":["GET"]}}],"collection":[{"href":"https:\/\/www.mobilitylmax.be\/nl\/wp-json\/wp\/v2\/pages"}],"about":[{"href":"https:\/\/www.mobilitylmax.be\/nl\/wp-json\/wp\/v2\/types\/page"}],"author":[{"embeddable":true,"href":"https:\/\/www.mobilitylmax.be\/nl\/wp-json\/wp\/v2\/users\/3"}],"replies":[{"embeddable":true,"href":"https:\/\/www.mobilitylmax.be\/nl\/wp-json\/wp\/v2\/comments?post=5044"}],"version-history":[{"count":7,"href":"https:\/\/www.mobilitylmax.be\/nl\/wp-json\/wp\/v2\/pages\/5044\/revisions"}],"predecessor-version":[{"id":5051,"href":"https:\/\/www.mobilitylmax.be\/nl\/wp-json\/wp\/v2\/pages\/5044\/revisions\/5051"}],"wp:attachment":[{"href":"https:\/\/www.mobilitylmax.be\/nl\/wp-json\/wp\/v2\/media?parent=5044"}],"curies":[{"name":"wp","href":"https:\/\/api.w.org\/{rel}","templated":true}]}}